{"id":152,"date":"2020-08-26T23:56:41","date_gmt":"2020-08-26T21:56:41","guid":{"rendered":"http:\/\/playtimeproject.com\/?page_id=152"},"modified":"2023-01-29T21:54:23","modified_gmt":"2023-01-29T20:54:23","slug":"nos-concerts","status":"publish","type":"page","link":"https:\/\/playtimeproject.com\/index.php\/nos-concerts\/","title":{"rendered":"Nos Concerts"},"content":{"rendered":"<p>Festival Numaginaire : M\u00e9diath\u00e8que de Cannes (2023) <br>Concert dessin\u00e9 \u00ab\u00a0All\u00e9e\u00a0\u00bb Beno\u00eet Bottex et Quentin Nishi<\/p>\n\n\n<p>Festival Make Some Noise #4 : C&rsquo;Picaud &#8211; Cannes<br>Programmation du concert de <a rel=\"noreferrer noopener\" href=\"https:\/\/www.instagram.com\/bas_resille\/?hl=fr\" target=\"_blank\">bas-r\u00e9sille<\/a> (2022)<\/p>\n\n\n\n<p>Festival Make Some Noise #4 : C&rsquo;Picaud &#8211; Cannes <br> Orchestre \u00e9lectronique &#8211; Metaxu<\/p>\n\n\n\n<p>Festival Numaginaire : M\u00e9diath\u00e8que de Cannes<br>Programmation du concert de  <a rel=\"noreferrer noopener\" href=\"https:\/\/www.instagram.com\/houpette_3000\/?hl=fr\" target=\"_blank\">HOUPETTE<\/a> (2022)<\/p>\n\n\n\n<p>Festival Numaginaire : M\u00e9diath\u00e8que de Cannes<br>Programmation DJ Set <a rel=\"noreferrer noopener\" href=\"http:\/\/www.thomasdusseune.com\/\" data-type=\"URL\" data-id=\"http:\/\/www.thomasdusseune.com\/\" target=\"_blank\">THOMAS DUSSEUNE<\/a><\/p>\n\n\n\n<p>Festival Numaginaire : M\u00e9diath\u00e8que de Cannes.                                           <br>Programmation du concert <a href=\"https:\/\/www.facebook.com\/hellbotcho\/\" data-type=\"URL\" data-id=\"https:\/\/www.facebook.com\/hellbotcho\/\" target=\"_blank\" rel=\"noreferrer noopener\">HELL BOTCHO<\/a> (2019)<\/p>\n\n\n\n<p>Festival Numaginaire : M\u00e9diath\u00e8que de Cannes.<br>Programmation du concert <a href=\"https:\/\/www.facebook.com\/itoladisco\/\" data-type=\"URL\" data-id=\"https:\/\/www.facebook.com\/itoladisco\/\" target=\"_blank\" rel=\"noreferrer noopener\">ITOLADISCO<\/a> (2018)<\/p>\n\n\n\n<p><a href=\"https:\/\/www.facebook.com\/LoaFrida\/\" data-type=\"URL\" data-id=\"https:\/\/www.facebook.com\/LoaFrida\/\" target=\"_blank\" rel=\"noreferrer noopener\">LOA FRIDA<\/a> m\u00e9diath\u00e8que de Cannes (2017)<\/p>\n\n\n\n<p><a href=\"https:\/\/www.bleu-canyon.com\/\" data-type=\"URL\" data-id=\"https:\/\/www.bleu-canyon.com\/\" target=\"_blank\" rel=\"noreferrer noopener\">BLEU CANYON<\/a> Mus\u00e9e Bonnard, Le Cannet, F\u00eate de la Musique (2017)<\/p>\n\n\n\n<p><a href=\"http:\/\/mu-kerguelen.fr\/?fbclid=IwAR1DaTm81UEAG-gjYO4nIG8QGtnWT7P3au5OjVR5YVD80sDtu0vdWXAQV5U\" data-type=\"URL\" data-id=\"http:\/\/mu-kerguelen.fr\/?fbclid=IwAR1DaTm81UEAG-gjYO4nIG8QGtnWT7P3au5OjVR5YVD80sDtu0vdWXAQV5U\" target=\"_blank\" rel=\"noreferrer noopener\">M\u00db<\/a> m\u00e9diath\u00e8que de Cannes (2017)<\/p>\n\n\n\n<p><a href=\"https:\/\/www.facebook.com\/gangofpeafowl\" data-type=\"URL\" data-id=\"https:\/\/www.facebook.com\/gangofpeafowl\" target=\"_blank\" rel=\"noreferrer noopener\">GANG OF PEAFOWL <\/a>m\u00e9diath\u00e8que de Cannes (2016)<\/p>\n\n\n\n<p><a rel=\"noreferrer noopener\" href=\"https:\/\/www.facebook.com\/LeCommonDiamond\/\" data-type=\"URL\" data-id=\"https:\/\/www.facebook.com\/LeCommonDiamond\/\" target=\"_blank\">LE COMMON DIAMOND<\/a> et DJ SET <a rel=\"noreferrer noopener\" href=\"https:\/\/www.facebook.com\/Benjamin.Fincher\" data-type=\"URL\" data-id=\"https:\/\/www.facebook.com\/Benjamin.Fincher\" target=\"_blank\">BENJAMIN FINCHER<\/a>, <br>F\u00eate de la Musique m\u00e9diath\u00e8que de Cannes en collaboration avec <a href=\"https:\/\/www.facebook.com\/easterinthesunfestival\/\" data-type=\"URL\" data-id=\"https:\/\/www.facebook.com\/easterinthesunfestival\/\" target=\"_blank\" rel=\"noreferrer noopener\">EASTER IN THE SUN FESTIVAL<\/a> (2016) <\/p>\n\n\n\n<p><a href=\"https:\/\/www.facebook.com\/andromakers\" data-type=\"URL\" data-id=\"https:\/\/www.facebook.com\/andromakers\" target=\"_blank\" rel=\"noreferrer noopener\">ANDROMAKERS<\/a> Mus\u00e9e Bonnard, Nuit des mus\u00e9es (2016) &nbsp; &nbsp; <\/p>\n\n\n\n<figure class=\"wp-block-image size-large\"><img loading=\"lazy\" decoding=\"async\" width=\"800\" height=\"534\" src=\"http:\/\/playtimeproject.com\/wp-content\/uploads\/2021\/02\/playtimeproject9.jpg\" alt=\"\" class=\"wp-image-273\" srcset=\"https:\/\/playtimeproject.com\/wp-content\/uploads\/2021\/02\/playtimeproject9.jpg 800w, https:\/\/playtimeproject.com\/wp-content\/uploads\/2021\/02\/playtimeproject9-300x200.jpg 300w, https:\/\/playtimeproject.com\/wp-content\/uploads\/2021\/02\/playtimeproject9-768x513.jpg 768w\" sizes=\"auto, (max-width: 800px) 85vw, 800px\" \/><\/figure>\n\n\n\n<p><a href=\"https:\/\/www.facebook.com\/wamomusic\" data-type=\"URL\" data-id=\"https:\/\/www.facebook.com\/wamomusic\" target=\"_blank\" rel=\"noreferrer noopener\">WAMO<\/a> m\u00e9diath\u00e8que de Cannes (2016) &nbsp; &nbsp; <\/p>\n\n\n\n<p><a href=\"https:\/\/www.facebook.com\/needstheband\" data-type=\"URL\" data-id=\"https:\/\/www.facebook.com\/needstheband\" target=\"_blank\" rel=\"noreferrer noopener\">NEEDS<\/a> m\u00e9diath\u00e8que de Cannes (2016) &nbsp; &nbsp; <\/p>\n\n\n\n<p><a href=\"https:\/\/www.facebook.com\/ginkomusic\" data-type=\"URL\" data-id=\"https:\/\/www.facebook.com\/ginkomusic\" target=\"_blank\" rel=\"noreferrer noopener\">GINKO<\/a> m\u00e9diath\u00e8que de Cannes (2016) &nbsp; &nbsp;<\/p>\n\n\n\n<p><a href=\"https:\/\/www.facebook.com\/voxorama\" data-type=\"URL\" data-id=\"https:\/\/www.facebook.com\/voxorama\" target=\"_blank\" rel=\"noreferrer noopener\">VOXORAMA<\/a> m\u00e9diath\u00e8que de Cannes (2016) &nbsp; &nbsp; <\/p>\n\n\n\n<p><a href=\"https:\/\/www.facebook.com\/cisfornoir\" data-type=\"URL\" data-id=\"https:\/\/www.facebook.com\/cisfornoir\" target=\"_blank\" rel=\"noreferrer noopener\">C IS FOR NOIR<\/a> m\u00e9diath\u00e8que de Cannes (2015) &nbsp; &nbsp; <\/p>\n\n\n\n<p><a href=\"https:\/\/www.facebook.com\/hifiklub\" data-type=\"URL\" data-id=\"https:\/\/www.facebook.com\/hifiklub\" target=\"_blank\" rel=\"noreferrer noopener\">HIFI KLUB<\/a> m\u00e9diath\u00e8que de Cannes (2015) &nbsp; &nbsp; <\/p>\n\n\n\n<p><a href=\"https:\/\/www.facebook.com\/yesPulla\" data-type=\"URL\" data-id=\"https:\/\/www.facebook.com\/yesPulla\" target=\"_blank\" rel=\"noreferrer noopener\">PULLA<\/a> &amp; <a href=\"https:\/\/www.facebook.com\/Miosine\" data-type=\"URL\" data-id=\"https:\/\/www.facebook.com\/Miosine\" target=\"_blank\" rel=\"noreferrer noopener\">MIOSINE<\/a> m\u00e9diath\u00e8que de Cannes (2015) &nbsp; &nbsp; <\/p>\n\n\n\n<p><a href=\"https:\/\/l.facebook.com\/l.php?u=http%3A%2F%2Feveandthetravelers.com%2F%3Ffbclid%3DIwAR1eXacD6T3M-NlkAyjbchsTkmrG6_AJNDx5JyaDKchfUnW3H0Q_0Z24Qmo&amp;h=AT09f-e2LSoNotOnIXHMNbXozgcLDRYLs9V35asVH5AJBjZF3kVz3JwLXRryNBGY_Prf9FilJ-GtVsMZ6ffrLaBRZaSIQbEwRScS1v2_G_5yYDnV2IT5SdI-AR68FY6u3EKhFkWKlfqWUwYpQxM\" data-type=\"URL\" data-id=\"https:\/\/l.facebook.com\/l.php?u=http%3A%2F%2Feveandthetravelers.com%2F%3Ffbclid%3DIwAR1eXacD6T3M-NlkAyjbchsTkmrG6_AJNDx5JyaDKchfUnW3H0Q_0Z24Qmo&amp;h=AT09f-e2LSoNotOnIXHMNbXozgcLDRYLs9V35asVH5AJBjZF3kVz3JwLXRryNBGY_Prf9FilJ-GtVsMZ6ffrLaBRZaSIQbEwRScS1v2_G_5yYDnV2IT5SdI-AR68FY6u3EKhFkWKlfqWUwYpQxM\" target=\"_blank\" rel=\"noreferrer noopener\">EVE &amp; THE TRAVELERS<\/a> m\u00e9diath\u00e8que de Cannes (2015) &nbsp; &nbsp; <\/p>\n\n\n\n<p><a href=\"https:\/\/www.facebook.com\/borealwood\" data-type=\"URL\" data-id=\"https:\/\/www.facebook.com\/borealwood\" target=\"_blank\" rel=\"noreferrer noopener\">BOREAL WOOD<\/a> m\u00e9diath\u00e8que de Cannes (2015) &nbsp; &nbsp;<\/p>\n\n\n\n<p><a href=\"https:\/\/www.youtube.com\/watch?v=QQ2h0pds264&amp;list=PLOR038Y2_fM3gMuRoaJamsFq61Agp2cYc&amp;index=2\" data-type=\"URL\" data-id=\"https:\/\/www.youtube.com\/watch?v=QQ2h0pds264&amp;list=PLOR038Y2_fM3gMuRoaJamsFq61Agp2cYc&amp;index=2\" target=\"_blank\" rel=\"noreferrer noopener\">JEDEVIENSDJEN3JOURS<\/a> \/\/ <a href=\"https:\/\/www.facebook.com\/CYMBAmusic\" data-type=\"URL\" data-id=\"https:\/\/www.facebook.com\/CYMBAmusic\" target=\"_blank\" rel=\"noreferrer noopener\">CYMBA<\/a> \/\/ <a href=\"https:\/\/www.facebook.com\/iamwantz\" data-type=\"URL\" data-id=\"https:\/\/www.facebook.com\/iamwantz\" target=\"_blank\" rel=\"noreferrer noopener\">WANTZ<\/a> \/\/ ZOBSKY m\u00e9diath\u00e8que de Cannes (2015) &nbsp; &nbsp; <\/p>\n\n\n\n<figure class=\"wp-block-image size-large\"><img loading=\"lazy\" decoding=\"async\" width=\"800\" height=\"534\" src=\"http:\/\/playtimeproject.com\/wp-content\/uploads\/2021\/02\/playtimeproject12.jpg\" alt=\"\" class=\"wp-image-276\" srcset=\"https:\/\/playtimeproject.com\/wp-content\/uploads\/2021\/02\/playtimeproject12.jpg 800w, https:\/\/playtimeproject.com\/wp-content\/uploads\/2021\/02\/playtimeproject12-300x200.jpg 300w, https:\/\/playtimeproject.com\/wp-content\/uploads\/2021\/02\/playtimeproject12-768x513.jpg 768w\" sizes=\"auto, (max-width: 800px) 85vw, 800px\" \/><\/figure>\n\n\n\n<p><a href=\"https:\/\/www.facebook.com\/YunaProjectOfficial\" data-type=\"URL\" data-id=\"https:\/\/www.facebook.com\/YunaProjectOfficial\" target=\"_blank\" rel=\"noreferrer noopener\">YUNA PROJECT<\/a> m\u00e9diath\u00e8que de Cannes (2015) &nbsp; &nbsp; <\/p>\n\n\n\n<p><a href=\"https:\/\/www.facebook.com\/Murmur.page\" data-type=\"URL\" data-id=\"https:\/\/www.facebook.com\/Murmur.page\" target=\"_blank\" rel=\"noreferrer noopener\">MURMUR<\/a> m\u00e9diath\u00e8que de Cannes (2014) &nbsp; &nbsp; <\/p>\n\n\n\n<p><a href=\"https:\/\/www.facebook.com\/momemusicrecord\" data-type=\"URL\" data-id=\"https:\/\/www.facebook.com\/momemusicrecord\" target=\"_blank\" rel=\"noreferrer noopener\">M\u00d4ME<\/a> m\u00e9diath\u00e8que de Cannes (2014) &nbsp; &nbsp; <\/p>\n\n\n\n<p><a href=\"https:\/\/www.facebook.com\/TheChillersReggae\" data-type=\"URL\" data-id=\"https:\/\/www.facebook.com\/TheChillersReggae\" target=\"_blank\" rel=\"noreferrer noopener\">THE CHILLERS<\/a> m\u00e9diath\u00e8que de Cannes (2014) &nbsp; &nbsp; <\/p>\n\n\n\n<p><a href=\"https:\/\/music.youtube.com\/channel\/UCZUkLx3Fz96D1UEX9sr4cyQ\" data-type=\"URL\" data-id=\"https:\/\/music.youtube.com\/channel\/UCZUkLx3Fz96D1UEX9sr4cyQ\" target=\"_blank\" rel=\"noreferrer noopener\">TAPENGA<\/a> m\u00e9diath\u00e8que de Cannes (2014) &nbsp; &nbsp; <\/p>\n\n\n\n<p>OEIL ROULETTE Cin\u00e9 Concert m\u00e9diath\u00e8que de Cannes (2014) &nbsp; &nbsp; <\/p>\n\n\n\n<p><a href=\"https:\/\/www.facebook.com\/ArmelleIta\" data-type=\"URL\" data-id=\"https:\/\/www.facebook.com\/ArmelleIta\" target=\"_blank\" rel=\"noreferrer noopener\">ARMELLE ITA<\/a> m\u00e9diath\u00e8que de Cannes (2014) &nbsp; &nbsp; <\/p>\n\n\n\n<p><a href=\"https:\/\/www.facebook.com\/isayamusic\" data-type=\"URL\" data-id=\"https:\/\/www.facebook.com\/isayamusic\" target=\"_blank\" rel=\"noreferrer noopener\">ISAYA<\/a> m\u00e9diath\u00e8que de Cannes (2014) &nbsp; &nbsp; <\/p>\n\n\n\n<p><a href=\"http:\/\/jankenpopp.com\/\" data-type=\"URL\" data-id=\"http:\/\/jankenpopp.com\/\" target=\"_blank\" rel=\"noreferrer noopener\">JANKENPOPP<\/a> m\u00e9diath\u00e8que de Cannes (2013) &nbsp; &nbsp; <\/p>\n\n\n\n<p>HUM-ANI m\u00e9diath\u00e8que de Cannes (2013) &nbsp; &nbsp; <\/p>\n\n\n\n<p><a href=\"https:\/\/www.facebook.com\/EON-MEGAHERTZ-52165906958\" data-type=\"URL\" data-id=\"https:\/\/www.facebook.com\/EON-MEGAHERTZ-52165906958\" target=\"_blank\" rel=\"noreferrer noopener\">EON MEGAHERTZ<\/a> m\u00e9diath\u00e8que de Cannes (2013) &nbsp; &nbsp; <\/p>\n\n\n\n<p><a rel=\"noreferrer noopener\" href=\"https:\/\/www.facebook.com\/The.Spirits.Of.Those.Leaving\" data-type=\"URL\" data-id=\"https:\/\/www.facebook.com\/The.Spirits.Of.Those.Leaving\" target=\"_blank\">THE SPIRITS OF THOSE LEAVING WILL SHINE FOREVER<\/a> et DJ SET <a rel=\"noreferrer noopener\" href=\"http:\/\/www.thomasdusseune.com\/\" data-type=\"URL\" data-id=\"http:\/\/www.thomasdusseune.com\/\" target=\"_blank\">SUPER NACHO<\/a> m\u00e9diath\u00e8que de Cannes (2013) &nbsp; &nbsp; <\/p>\n\n\n\n<figure class=\"wp-block-image size-large\"><img loading=\"lazy\" decoding=\"async\" width=\"800\" height=\"534\" src=\"http:\/\/playtimeproject.com\/wp-content\/uploads\/2021\/02\/playtimeproject2.jpg\" alt=\"\" class=\"wp-image-266\" srcset=\"https:\/\/playtimeproject.com\/wp-content\/uploads\/2021\/02\/playtimeproject2.jpg 800w, https:\/\/playtimeproject.com\/wp-content\/uploads\/2021\/02\/playtimeproject2-300x200.jpg 300w, https:\/\/playtimeproject.com\/wp-content\/uploads\/2021\/02\/playtimeproject2-768x513.jpg 768w\" sizes=\"auto, (max-width: 800px) 85vw, 800px\" \/><\/figure>\n\n\n\n<p><a href=\"https:\/\/www.facebook.com\/welcometorosebud\" data-type=\"URL\" data-id=\"https:\/\/www.facebook.com\/welcometorosebud\" target=\"_blank\" rel=\"noreferrer noopener\">WELCOME TO ROSEBUD<\/a> &amp; FAKZ (2013) &nbsp; &nbsp;<\/p>\n\n\n\n<p><a href=\"https:\/\/www.facebook.com\/andromakers\" data-type=\"URL\" data-id=\"https:\/\/www.facebook.com\/andromakers\" target=\"_blank\" rel=\"noreferrer noopener\">ANDROMAKERS<\/a>&nbsp; m\u00e9diath\u00e8que de Cannes (2013) &nbsp; &nbsp;<\/p>\n\n\n\n<p><a href=\"https:\/\/www.facebook.com\/Clarcenmusic\" data-type=\"URL\" data-id=\"https:\/\/www.facebook.com\/Clarcenmusic\" target=\"_blank\" rel=\"noreferrer noopener\">CLARCEN<\/a> m\u00e9diath\u00e8que de Cannes (2013)<\/p>\n\n\n\n<p><a href=\"https:\/\/www.facebook.com\/newgang\" data-type=\"URL\" data-id=\"https:\/\/www.facebook.com\/newgang\" target=\"_blank\" rel=\"noreferrer noopener\">NEW LOOPY GROOVE GANG<\/a>&nbsp; m\u00e9diath\u00e8que de Cannes (2013)<\/p>\n\n\n\n<p><a href=\"https:\/\/www.facebook.com\/merakhaazan\" data-type=\"URL\" data-id=\"https:\/\/www.facebook.com\/merakhaazan\" target=\"_blank\" rel=\"noreferrer noopener\">MERAKHAAZAN<\/a> Cin\u00e9 Concert m\u00e9diath\u00e8que de Cannes (2013)<\/p>\n\n\n\n<p>THE SUNDOWN SISTERS m\u00e9diath\u00e8que de Cannes (2012)<\/p>\n\n\n\n<p><a href=\"https:\/\/www.facebook.com\/simondalmais\" data-type=\"URL\" data-id=\"https:\/\/www.facebook.com\/simondalmais\" target=\"_blank\" rel=\"noreferrer noopener\">SIMON DALMAIS<\/a> m\u00e9diath\u00e8que de Cannes (2012)<\/p>\n\n\n\n<p><a href=\"https:\/\/www.facebook.com\/mazesmood\" data-type=\"URL\" data-id=\"https:\/\/www.facebook.com\/mazesmood\" target=\"_blank\" rel=\"noreferrer noopener\">MAZE&rsquo;S MOOD<\/a> m\u00e9diath\u00e8que de Cannes (2012)<\/p>\n\n\n\n<p><a href=\"https:\/\/www.facebook.com\/mandracmusic\" data-type=\"URL\" data-id=\"https:\/\/www.facebook.com\/mandracmusic\" target=\"_blank\" rel=\"noreferrer noopener\">MANDRAC<\/a> m\u00e9diath\u00e8que de Cannes (2012)<\/p>\n\n\n\n<p><a href=\"https:\/\/www.facebook.com\/deadqueen\" data-type=\"URL\" data-id=\"https:\/\/www.facebook.com\/deadqueen\" target=\"_blank\" rel=\"noreferrer noopener\">DEAD QUEEN AND THE RIVER<\/a> m\u00e9diath\u00e8que de Cannes (2012)<\/p>\n\n\n\n<figure class=\"wp-block-image size-large\"><img loading=\"lazy\" decoding=\"async\" width=\"800\" height=\"534\" src=\"http:\/\/playtimeproject.com\/wp-content\/uploads\/2021\/02\/playtimeproject19.jpg\" alt=\"\" class=\"wp-image-318\" srcset=\"https:\/\/playtimeproject.com\/wp-content\/uploads\/2021\/02\/playtimeproject19.jpg 800w, https:\/\/playtimeproject.com\/wp-content\/uploads\/2021\/02\/playtimeproject19-300x200.jpg 300w, https:\/\/playtimeproject.com\/wp-content\/uploads\/2021\/02\/playtimeproject19-768x513.jpg 768w\" sizes=\"auto, (max-width: 800px) 85vw, 800px\" \/><\/figure>\n\n\n\n<p><a href=\"https:\/\/www.facebook.com\/gaiomusic\/\" data-type=\"URL\" data-id=\"https:\/\/www.facebook.com\/gaiomusic\/\" target=\"_blank\" rel=\"noreferrer noopener\">GA\u00cfO<\/a> m\u00e9diath\u00e8que de Cannes (2012)<\/p>\n\n\n\n<p><a href=\"https:\/\/www.facebook.com\/jlchinaski\/\" data-type=\"URL\" data-id=\"https:\/\/www.facebook.com\/jlchinaski\/\" target=\"_blank\" rel=\"noreferrer noopener\">JL CHINASKI<\/a> m\u00e9diath\u00e8que de Cannes (2012)<\/p>\n\n\n\n<p>NON m\u00e9diath\u00e8que de Cannes (2011)<\/p>\n\n\n\n<p>IN EXTENSO m\u00e9diath\u00e8que de Cannes (2011)<\/p>\n\n\n\n<p>MINA MAY m\u00e9diath\u00e8que de Cannes (2011)<\/p>\n\n\n\n<p>BIKINI BOTTOM m\u00e9diath\u00e8que de Cannes (2011)<\/p>\n\n\n\n<p>MILENKA m\u00e9diath\u00e8que de Cannes (2011)<\/p>\n\n\n\n<p>KIM CAO m\u00e9diath\u00e8que de Cannes (2010)<\/p>\n\n\n\n<p>WASHING MAJAZZ m\u00e9diath\u00e8que de Cannes (2010)<\/p>\n\n\n\n<p>BLOFELD Dadada Cannes (2010)<\/p>\n\n\n\n<p>HANNAH Dadada Cannes (2010)<\/p>\n\n\n\n<p>EON MEGAHERTZ Dadada Cannes (2010)<\/p>\n\n\n\n<p>ON AIR \u00e0 la m\u00e9diath\u00e8que de Cannes, lancement de la saison culturelle<br> avec MANDRAC, WIPPING WILLOW, MY GARAGE IS YELLOW, DJ KOZTA<\/p>\n","protected":false},"excerpt":{"rendered":"<p>Festival Numaginaire : M\u00e9diath\u00e8que de Cannes (2023) Concert dessin\u00e9 \u00ab\u00a0All\u00e9e\u00a0\u00bb Beno\u00eet Bottex et Quentin Nishi Festival Make Some Noise #4 : C&rsquo;Picaud &#8211; CannesProgrammation du concert de bas-r\u00e9sille (2022) Festival Make Some Noise #4 : C&rsquo;Picaud &#8211; Cannes Orchestre \u00e9lectronique &#8211; Metaxu Festival Numaginaire : M\u00e9diath\u00e8que de CannesProgrammation du concert de HOUPETTE (2022) Festival Numaginaire &hellip; <a href=\"https:\/\/playtimeproject.com\/index.php\/nos-concerts\/\" class=\"more-link\">Continuer la lecture<span class=\"screen-reader-text\"> de &laquo;&nbsp;Nos Concerts&nbsp;&raquo;<\/span><\/a><\/p>\n","protected":false},"author":1,"featured_media":0,"parent":0,"menu_order":0,"comment_status":"closed","ping_status":"closed","template":"","meta":{"footnotes":""},"class_list":["post-152","page","type-page","status-publish","hentry"],"_links":{"self":[{"href":"https:\/\/playtimeproject.com\/index.php\/wp-json\/wp\/v2\/pages\/152","targetHints":{"allow":["GET"]}}],"collection":[{"href":"https:\/\/playtimeproject.com\/index.php\/wp-json\/wp\/v2\/pages"}],"about":[{"href":"https:\/\/playtimeproject.com\/index.php\/wp-json\/wp\/v2\/types\/page"}],"author":[{"embeddable":true,"href":"https:\/\/playtimeproject.com\/index.php\/wp-json\/wp\/v2\/users\/1"}],"replies":[{"embeddable":true,"href":"https:\/\/playtimeproject.com\/index.php\/wp-json\/wp\/v2\/comments?post=152"}],"version-history":[{"count":35,"href":"https:\/\/playtimeproject.com\/index.php\/wp-json\/wp\/v2\/pages\/152\/revisions"}],"predecessor-version":[{"id":603,"href":"https:\/\/playtimeproject.com\/index.php\/wp-json\/wp\/v2\/pages\/152\/revisions\/603"}],"wp:attachment":[{"href":"https:\/\/playtimeproject.com\/index.php\/wp-json\/wp\/v2\/media?parent=152"}],"curies":[{"name":"wp","href":"https:\/\/api.w.org\/{rel}","templated":true}]}}