{"id":3,"date":"2019-02-26T21:33:22","date_gmt":"2019-02-26T20:33:22","guid":{"rendered":"http:\/\/playtimeproject.com\/?page_id=3"},"modified":"2021-03-07T16:07:30","modified_gmt":"2021-03-07T15:07:30","slug":"politique-de-confidentialite","status":"publish","type":"page","link":"https:\/\/playtimeproject.com\/index.php\/politique-de-confidentialite\/","title":{"rendered":"Politique de confidentialit\u00e9"},"content":{"rendered":"\n<h2 class=\"wp-block-heading\"><strong>Mentions l\u00e9gales<\/strong><\/h2>\n\n\n\n<p>Conform\u00e9ment aux dispositions des articles 6-III et 19 de la loi pour la Confiance dans l\u2019\u00c9conomie Num\u00e9rique, nous vous informons que :<\/p>\n\n\n\n<p>Le pr\u00e9sent site internet est \u00e9dit\u00e9 par :<\/p>\n\n\n\n<p>L\u2019association PLAYTIME PROJECT \u00e0 Le Cannet<\/p>\n\n\n\n<p>Vous pouvez joindre l\u2019association par mail \u00e0 <a href=\"mailto:contact@playtimeproject.com\">contact@playtimeproject.com<\/a><\/p>\n\n\n\n<p>Le directeur de la publication du site internet est MME Girault H\u00e9l\u00e8ne en qualit\u00e9 de pr\u00e9sidente. Le prestataire assurant le stockage direct et permanent, l\u2019h\u00e9bergement du site est la SAS OVH SAS : 2&nbsp;rue&nbsp;Kellermann \u2013 BP 80157 59053&nbsp;ROUBAIX&nbsp;CEDEX 1<\/p>\n\n\n\n<ul class=\"wp-block-list\"><li><strong>INFORMATIQUE ET LIBERT\u00c9S<\/strong><\/li><\/ul>\n\n\n\n<p>Les informations r\u00e9colt\u00e9es font l\u2019objet d\u2019un traitement informatique destin\u00e9 \u00e0 constituer des fichiers de contacts dont l\u2019usage est exclusif \u00e0 l\u2019association Playtime Project.<\/p>\n\n\n\n<p>Conform\u00e9ment \u00e0 la loi \u00ab informatique et libert\u00e9s \u00bb du 6 janvier 1978 modifi\u00e9e, vous b\u00e9n\u00e9ficiez d\u2019un droit d\u2019acc\u00e8s, de rectification, de suppression des informations qui vous concernent, que vous pouvez exercer en vous adressant \u00e0 <a href=\"mailto:contact@playtimeproject.com\">contact@playtimeproject.com<\/a><\/p>\n\n\n\n<p>Par la pr\u00e9sente, nous informons aussi tous les internautes que le site <a href=\"http:\/\/www.playtimeproject.com\">www.playtimeproject.com<\/a> est susceptible d\u2019installer automatiquement un cookie sur votre ordinateur. Ce cookie a pour vocation d\u2019enregistrer des informations relatives \u00e0 la navigation sur ce pr\u00e9sent site internet comme la dur\u00e9e et le chemin de navigation, le nombre de pages consult\u00e9es. L\u2019internaute est libre de refuser l\u2019enregistrement de ce cookie par simple param\u00e9trage de son navigateur. L\u2019utilisateur dispose de l\u2019ensemble des droits susvis\u00e9s s\u2019agissant des donn\u00e9es \u00e0 caract\u00e8re personnel communiqu\u00e9es par le biais des cookies dans les conditions indiqu\u00e9es ci-dessus.<\/p>\n\n\n\n<p>Les utilisateurs du site internet playtimeproject.com sont tenus de respecter les dispositions de la loi n\u00b078-17 du 6 janvier 1978 modifi\u00e9e, relative \u00e0 l\u2019informatique, aux fichiers et aux libert\u00e9s, dont la violation est passible de sanctions p\u00e9nales. Ils doivent notamment s\u2019abstenir, s\u2019agissant des informations \u00e0 caract\u00e8re personnel auxquelles ils acc\u00e8dent ou pourraient acc\u00e9der, de toute collecte, de toute utilisation d\u00e9tourn\u00e9e d\u2019une mani\u00e8re g\u00e9n\u00e9rale, de tout acte susceptible de porter atteinte \u00e0 la vie priv\u00e9e ou \u00e0 la r\u00e9putation des personnes.<\/p>\n\n\n\n<ul class=\"wp-block-list\"><li><strong>PROPRI\u00c9T\u00c9 INTELLECTUELLE<\/strong><\/li><\/ul>\n\n\n\n<p>La structure g\u00e9n\u00e9rale ainsi que les logiciels, textes, images anim\u00e9es ou non, son savoir-faire et tous les autres \u00e9l\u00e9ments composant le site playtimeproject.com la propri\u00e9t\u00e9 exclusive de l\u2019association PLAYTIME PROJECT. Toute repr\u00e9sentation totale ou partielle de la structure de ce site, de sa charte graphique ou de son contenu est soumise \u00e0 l\u2019autorisation pr\u00e9alable expresse et \u00e9crite du g\u00e9rant. Sans cette autorisation, toute reproduction constituerait une contrefa\u00e7on, sanctionn\u00e9e par les articles L. 335-2 et suivants du Code de la propri\u00e9t\u00e9 intellectuelle qui d\u00e9finit la contrefa\u00e7on comme un d\u00e9lit, et pr\u00e9voit jusqu\u2019\u00e0 trois ans d\u2019emprisonnement et 300 000 euros d\u2019amende.<\/p>\n\n\n\n<p>Il en est de m\u00eame des bases de donn\u00e9es figurant, le cas \u00e9ch\u00e9ant sur le site web <a href=\"http:\/\/www.playtimeproject.com\">www.playtimeproject.com<\/a> &nbsp;qui sont prot\u00e9g\u00e9es par les dispositions de la loi du 1er juillet 1998 portant transposition dans le Code de la propri\u00e9t\u00e9 intellectuelle de la directive du 11 mars 1996 relative \u00e0 la protection juridique des bases de donn\u00e9es, et dont l\u2019associtaion PLAYTIME PROJECT est producteur. Les marques de l\u2019association PLAYTIME PROJECT et de ses partenaires, ainsi que les logos figurant sur le site sont des marques d\u00e9pos\u00e9es.<\/p>\n\n\n\n<p>Toute reproduction totale ou partielle de ces marques ou de ces logos effectu\u00e9s \u00e0 partir des \u00e9l\u00e9ments du site sans l\u2019autorisation expresse de PLAYTIME PROJECT est donc prohib\u00e9e au sens du Code de la propri\u00e9t\u00e9 intellectuelle. PLAYTIME PROJECT ne saurait \u00eatre responsable de l\u2019acc\u00e8s par les utilisateurs via les liens hypertextes mis en place dans le cadre du site internet en direction d\u2019autres ressources pr\u00e9sentes sur le r\u00e9seau. Tout litige en relation avec l\u2019utilisation du site <a href=\"http:\/\/www.playtimeproject.com\">www.playtimeproject.com<\/a> &nbsp;est soumis au droit fran\u00e7ais. L\u2019utilisateur reconna\u00eet la comp\u00e9tence exclusive des tribunaux comp\u00e9tents de Le Cannet.<\/p>\n\n\n\n<p>Le site a \u00e9t\u00e9 cr\u00e9\u00e9 et d\u00e9velopp\u00e9 par PLATIME PROJECT<\/p>\n\n\n\n<ul class=\"wp-block-list\"><li><strong>LIMITATION DE RESPONSABILIT\u00c9<\/strong><\/li><\/ul>\n\n\n\n<p>Ce site ne saurait \u00eatre tenu pour responsable des erreurs rencontr\u00e9es sur le site, probl\u00e8mes techniques, interpr\u00e9tation des informations publi\u00e9es et cons\u00e9quences de leur utilisation. L\u2019utilisateur reconna\u00eet donc :<\/p>\n\n\n\n<ul class=\"wp-block-list\"><li>avoir pris connaissance des pr\u00e9sentes conditions d\u2019utilisation et s\u2019engage \u00e0 les respecter.<\/li><li>utiliser ces informations sous sa responsabilit\u00e9 exclusive.<\/li><li>reconna\u00eet disposer de la comp\u00e9tence et des moyens n\u00e9cessaires pour acc\u00e9der et utiliser ce site.<\/li><\/ul>\n","protected":false},"excerpt":{"rendered":"<p>Mentions l\u00e9gales Conform\u00e9ment aux dispositions des articles 6-III et 19 de la loi pour la Confiance dans l\u2019\u00c9conomie Num\u00e9rique, nous vous informons que : Le pr\u00e9sent site internet est \u00e9dit\u00e9 par : L\u2019association PLAYTIME PROJECT \u00e0 Le Cannet Vous pouvez joindre l\u2019association par mail \u00e0 contact@playtimeproject.com Le directeur de la publication du site internet est &hellip; <a href=\"https:\/\/playtimeproject.com\/index.php\/politique-de-confidentialite\/\" class=\"more-link\">Continuer la lecture<span class=\"screen-reader-text\"> de &laquo;&nbsp;Politique de confidentialit\u00e9&nbsp;&raquo;<\/span><\/a><\/p>\n","protected":false},"author":1,"featured_media":0,"parent":0,"menu_order":0,"comment_status":"closed","ping_status":"open","template":"","meta":{"footnotes":""},"class_list":["post-3","page","type-page","status-publish","hentry"],"_links":{"self":[{"href":"https:\/\/playtimeproject.com\/index.php\/wp-json\/wp\/v2\/pages\/3","targetHints":{"allow":["GET"]}}],"collection":[{"href":"https:\/\/playtimeproject.com\/index.php\/wp-json\/wp\/v2\/pages"}],"about":[{"href":"https:\/\/playtimeproject.com\/index.php\/wp-json\/wp\/v2\/types\/page"}],"author":[{"embeddable":true,"href":"https:\/\/playtimeproject.com\/index.php\/wp-json\/wp\/v2\/users\/1"}],"replies":[{"embeddable":true,"href":"https:\/\/playtimeproject.com\/index.php\/wp-json\/wp\/v2\/comments?post=3"}],"version-history":[{"count":3,"href":"https:\/\/playtimeproject.com\/index.php\/wp-json\/wp\/v2\/pages\/3\/revisions"}],"predecessor-version":[{"id":426,"href":"https:\/\/playtimeproject.com\/index.php\/wp-json\/wp\/v2\/pages\/3\/revisions\/426"}],"wp:attachment":[{"href":"https:\/\/playtimeproject.com\/index.php\/wp-json\/wp\/v2\/media?parent=3"}],"curies":[{"name":"wp","href":"https:\/\/api.w.org\/{rel}","templated":true}]}}