{"id":381,"date":"2021-03-07T12:35:47","date_gmt":"2021-03-07T11:35:47","guid":{"rendered":"https:\/\/playtimeproject.com\/?page_id=381"},"modified":"2021-11-12T12:09:29","modified_gmt":"2021-11-12T11:09:29","slug":"espace-pro","status":"publish","type":"page","link":"https:\/\/playtimeproject.com\/index.php\/espace-pro\/","title":{"rendered":"Espace pro"},"content":{"rendered":"\n<h3 class=\"wp-block-heading\"><strong>PLAYTIME BOX<\/strong><\/h3>\n\n\n\n<div class=\"wp-block-columns is-layout-flex wp-container-core-columns-is-layout-9d6595d7 wp-block-columns-is-layout-flex\">\n<div class=\"wp-block-column is-layout-flow wp-block-column-is-layout-flow\" style=\"flex-basis:100%\">\n<figure class=\"wp-block-image size-large is-resized\"><img loading=\"lazy\" decoding=\"async\" src=\"https:\/\/playtimeproject.com\/wp-content\/uploads\/2021\/03\/surlignage.jpg\" alt=\"\" class=\"wp-image-406\" width=\"630\" height=\"6\" srcset=\"https:\/\/playtimeproject.com\/wp-content\/uploads\/2021\/03\/surlignage.jpg 859w, https:\/\/playtimeproject.com\/wp-content\/uploads\/2021\/03\/surlignage-300x3.jpg 300w, https:\/\/playtimeproject.com\/wp-content\/uploads\/2021\/03\/surlignage-768x8.jpg 768w\" sizes=\"auto, (max-width: 630px) 85vw, 630px\" \/><\/figure>\n<\/div>\n<\/div>\n\n\n\n<p>Une caravane vintage pliante de 1977 totalement r\u00e9nov\u00e9e, repens\u00e9e et r\u00e9am\u00e9nag\u00e9e en un espace d\u2019exposition et d\u2019exp\u00e9rimentation mobile.<\/p>\n\n\n\n<div class=\"wp-block-image\"><figure class=\"aligncenter size-large is-resized\"><img loading=\"lazy\" decoding=\"async\" src=\"https:\/\/playtimeproject.com\/wp-content\/uploads\/2021\/03\/playtimebox_2.jpg\" alt=\"\" class=\"wp-image-407\" width=\"460\" height=\"177\" srcset=\"https:\/\/playtimeproject.com\/wp-content\/uploads\/2021\/03\/playtimebox_2.jpg 728w, https:\/\/playtimeproject.com\/wp-content\/uploads\/2021\/03\/playtimebox_2-300x115.jpg 300w\" sizes=\"auto, (max-width: 460px) 85vw, 460px\" \/><\/figure><\/div>\n\n\n\n<h3 class=\"wp-block-heading\"><strong>UN MICRO LIEU<\/strong><\/h3>\n\n\n\n<figure class=\"wp-block-image size-large is-resized\"><img loading=\"lazy\" decoding=\"async\" src=\"https:\/\/playtimeproject.com\/wp-content\/uploads\/2021\/03\/surlignage.jpg\" alt=\"\" class=\"wp-image-406\" width=\"630\" height=\"6\" srcset=\"https:\/\/playtimeproject.com\/wp-content\/uploads\/2021\/03\/surlignage.jpg 859w, https:\/\/playtimeproject.com\/wp-content\/uploads\/2021\/03\/surlignage-300x3.jpg 300w, https:\/\/playtimeproject.com\/wp-content\/uploads\/2021\/03\/surlignage-768x8.jpg 768w\" sizes=\"auto, (max-width: 630px) 85vw, 630px\" \/><\/figure>\n\n\n\n<p>qui pr\u00e9sente des cr\u00e9ations artistiques de formes diverses : exposition de peinture, de photographie, installation plastique, num\u00e9rique ou sonore, projection, performance ou encore concert exp\u00e9rimental.<br>Un espace de recherche atypique pour les artistes, un laboratoire au c\u0153ur de la cit\u00e9.<br>Dans cet espace intimiste, le regardeur fait l&rsquo;exp\u00e9rience d&rsquo;une fen\u00eatre ouverte sur le monde, sur la cr\u00e9ation, sur l&rsquo;autre, sur lui-m\u00eame dans un rapport \u00e0 l&rsquo;\u0153uvre in\u00e9dit.<\/p>\n\n\n\n<h3 class=\"wp-block-heading\"><strong>UNE CAPSULE MOBILE<\/strong><\/h3>\n\n\n\n<figure class=\"wp-block-image size-large is-resized\"><img loading=\"lazy\" decoding=\"async\" src=\"https:\/\/playtimeproject.com\/wp-content\/uploads\/2021\/03\/surlignage.jpg\" alt=\"\" class=\"wp-image-406\" width=\"630\" height=\"6\" srcset=\"https:\/\/playtimeproject.com\/wp-content\/uploads\/2021\/03\/surlignage.jpg 859w, https:\/\/playtimeproject.com\/wp-content\/uploads\/2021\/03\/surlignage-300x3.jpg 300w, https:\/\/playtimeproject.com\/wp-content\/uploads\/2021\/03\/surlignage-768x8.jpg 768w\" sizes=\"auto, (max-width: 630px) 85vw, 630px\" \/><\/figure>\n\n\n\n<p>La Playtime Box s&rsquo;installe dans l\u2019espace public urbain ou rural, et va \u00e0 la rencontre de territoires moins accessibles pour cr\u00e9er la rencontre inattendue.<\/p>\n\n\n\n<div class=\"wp-block-image\"><figure class=\"aligncenter size-large is-resized\"><img loading=\"lazy\" decoding=\"async\" src=\"https:\/\/playtimeproject.com\/wp-content\/uploads\/2021\/02\/playtimebo_1.jpg\" alt=\"\" class=\"wp-image-211\" width=\"372\" height=\"277\" srcset=\"https:\/\/playtimeproject.com\/wp-content\/uploads\/2021\/02\/playtimebo_1.jpg 728w, https:\/\/playtimeproject.com\/wp-content\/uploads\/2021\/02\/playtimebo_1-300x223.jpg 300w\" sizes=\"auto, (max-width: 372px) 85vw, 372px\" \/><\/figure><\/div>\n\n\n\n<h3 class=\"wp-block-heading\"><strong>DANS L&rsquo;OBJECTIF DE<\/strong><\/h3>\n\n\n\n<figure class=\"wp-block-image size-large is-resized\"><img loading=\"lazy\" decoding=\"async\" src=\"https:\/\/playtimeproject.com\/wp-content\/uploads\/2021\/03\/surlignage.jpg\" alt=\"\" class=\"wp-image-406\" width=\"630\" height=\"6\" srcset=\"https:\/\/playtimeproject.com\/wp-content\/uploads\/2021\/03\/surlignage.jpg 859w, https:\/\/playtimeproject.com\/wp-content\/uploads\/2021\/03\/surlignage-300x3.jpg 300w, https:\/\/playtimeproject.com\/wp-content\/uploads\/2021\/03\/surlignage-768x8.jpg 768w\" sizes=\"auto, (max-width: 630px) 85vw, 630px\" \/><\/figure>\n\n\n\n<h6 class=\"wp-block-heading\">PROMOUVOIR<\/h6>\n\n\n\n<p>des artistes pluridisciplinaires dans un lieu d&rsquo;exposition in\u00e9dit et modulable.<\/p>\n\n\n\n<h6 class=\"wp-block-heading\">DIFFUSER<\/h6>\n\n\n\n<p>leurs cr\u00e9ations sur diff\u00e9rents territoires en itin\u00e9rance et dans une exp\u00e9rience \u00e0 l&rsquo;\u0153uvre novatrice pour le public.<\/p>\n\n\n\n<h6 class=\"wp-block-heading\">DEMOCRATISER<\/h6>\n\n\n\n<p>l&rsquo;art contemporain et les musiques actuelles dans l&rsquo;espace public, provoquer la rencontre hors des lieux d\u00e9di\u00e9s.<\/p>\n\n\n\n<h3 class=\"wp-block-heading\">UN LIEU ADAPTABLE<\/h3>\n\n\n\n<figure class=\"wp-block-image size-large is-resized\"><img loading=\"lazy\" decoding=\"async\" src=\"https:\/\/playtimeproject.com\/wp-content\/uploads\/2021\/03\/surlignage.jpg\" alt=\"\" class=\"wp-image-406\" width=\"630\" height=\"6\" srcset=\"https:\/\/playtimeproject.com\/wp-content\/uploads\/2021\/03\/surlignage.jpg 859w, https:\/\/playtimeproject.com\/wp-content\/uploads\/2021\/03\/surlignage-300x3.jpg 300w, https:\/\/playtimeproject.com\/wp-content\/uploads\/2021\/03\/surlignage-768x8.jpg 768w\" sizes=\"auto, (max-width: 630px) 85vw, 630px\" \/><\/figure>\n\n\n\n<h6 class=\"wp-block-heading\"><em>QUI S&rsquo;INSTALLE CHEZ VOUS<\/em><\/h6>\n\n\n\n<p>Collectivit\u00e9s, lieux culturels, \u00e9coles, lyc\u00e9es, coll\u00e8ges, entreprises, parcs ou jardins, zones industrielles et bien plus encore\u2026<\/p>\n\n\n\n<h6 class=\"wp-block-heading\"><em>100% CLE EN MAIN<\/em><\/h6>\n\n\n\n<p>Nous nous occupons de tout !<br>Commissariat d\u2019exposition, r\u00e9alisation, coordination communication, m\u00e9diation\u2026 Votre budget est enti\u00e8rement ma\u00eetris\u00e9.<\/p>\n\n\n\n<h6 class=\"wp-block-heading\"><em>EN COLLABORATION AVEC VOUS<\/em><\/h6>\n\n\n\n<p>Une exposition ou un \u00e9v\u00e9nement sur mesure selon votre th\u00e9matique, vos envies, vos possibilit\u00e9s et vos moyens.<\/p>\n\n\n\n<h3 class=\"wp-block-heading\">VERSION POP UP DE VOTRE ESPACE<\/h3>\n\n\n\n<figure class=\"wp-block-image size-large is-resized\"><img loading=\"lazy\" decoding=\"async\" src=\"https:\/\/playtimeproject.com\/wp-content\/uploads\/2021\/03\/surlignage.jpg\" alt=\"\" class=\"wp-image-406\" width=\"630\" height=\"6\" srcset=\"https:\/\/playtimeproject.com\/wp-content\/uploads\/2021\/03\/surlignage.jpg 859w, https:\/\/playtimeproject.com\/wp-content\/uploads\/2021\/03\/surlignage-300x3.jpg 300w, https:\/\/playtimeproject.com\/wp-content\/uploads\/2021\/03\/surlignage-768x8.jpg 768w\" sizes=\"auto, (max-width: 630px) 85vw, 630px\" \/><\/figure>\n\n\n\n<p>Sous forme d&rsquo;exposition, atelier p\u00e9dagogique,  laboratoires d&rsquo;exp\u00e9rimentations, popup store&#8230; <\/p>\n\n\n\n<p><strong>Allez \u00e0 la rencontre de votre public<\/strong>!<\/p>\n\n\n\n<h5 class=\"wp-block-heading\"><a href=\"https:\/\/playtimeproject.com\/wp-content\/uploads\/2021\/11\/presentation_playtimebox_small.pdf\">TELECHARGEZ LE DOSSIER COMPLET DE PLAYTIME BOX<\/a><\/h5>\n\n\n\n<p>Pour conna\u00eetre toutes les possibilit\u00e9s.<\/p>\n\n\n\n<h5 class=\"wp-block-heading\"><a href=\"https:\/\/playtimeproject.com\/index.php\/nous-contacter\/\" target=\"_blank\" rel=\"noreferrer noopener\">CONTACTEZ-NOUS PAR E-MAIL<\/a><\/h5>\n\n\n\n<p>Nous sommes \u00e0 votre disposition pour r\u00e9pondre \u00e0 toutes vos questions.<\/p>\n\n\n\n<div class=\"wp-block-buttons is-layout-flex wp-block-buttons-is-layout-flex\"><\/div>\n\n\n\n<p><\/p>\n","protected":false},"excerpt":{"rendered":"<p>PLAYTIME BOX Une caravane vintage pliante de 1977 totalement r\u00e9nov\u00e9e, repens\u00e9e et r\u00e9am\u00e9nag\u00e9e en un espace d\u2019exposition et d\u2019exp\u00e9rimentation mobile. UN MICRO LIEU qui pr\u00e9sente des cr\u00e9ations artistiques de formes diverses : exposition de peinture, de photographie, installation plastique, num\u00e9rique ou sonore, projection, performance ou encore concert exp\u00e9rimental.Un espace de recherche atypique pour les artistes, &hellip; <a href=\"https:\/\/playtimeproject.com\/index.php\/espace-pro\/\" class=\"more-link\">Continuer la lecture<span class=\"screen-reader-text\"> de &laquo;&nbsp;Espace pro&nbsp;&raquo;<\/span><\/a><\/p>\n","protected":false},"author":1,"featured_media":0,"parent":0,"menu_order":0,"comment_status":"closed","ping_status":"closed","template":"","meta":{"footnotes":""},"class_list":["post-381","page","type-page","status-publish","hentry"],"_links":{"self":[{"href":"https:\/\/playtimeproject.com\/index.php\/wp-json\/wp\/v2\/pages\/381","targetHints":{"allow":["GET"]}}],"collection":[{"href":"https:\/\/playtimeproject.com\/index.php\/wp-json\/wp\/v2\/pages"}],"about":[{"href":"https:\/\/playtimeproject.com\/index.php\/wp-json\/wp\/v2\/types\/page"}],"author":[{"embeddable":true,"href":"https:\/\/playtimeproject.com\/index.php\/wp-json\/wp\/v2\/users\/1"}],"replies":[{"embeddable":true,"href":"https:\/\/playtimeproject.com\/index.php\/wp-json\/wp\/v2\/comments?post=381"}],"version-history":[{"count":13,"href":"https:\/\/playtimeproject.com\/index.php\/wp-json\/wp\/v2\/pages\/381\/revisions"}],"predecessor-version":[{"id":513,"href":"https:\/\/playtimeproject.com\/index.php\/wp-json\/wp\/v2\/pages\/381\/revisions\/513"}],"wp:attachment":[{"href":"https:\/\/playtimeproject.com\/index.php\/wp-json\/wp\/v2\/media?parent=381"}],"curies":[{"name":"wp","href":"https:\/\/api.w.org\/{rel}","templated":true}]}}